{"id":130,"date":"2024-02-19T17:09:10","date_gmt":"2024-02-19T16:09:10","guid":{"rendered":"https:\/\/lepetittonneau.fr\/en\/conditions-generales\/"},"modified":"2024-02-19T17:09:17","modified_gmt":"2024-02-19T16:09:17","slug":"conditions-generales","status":"publish","type":"page","link":"https:\/\/lepetittonneau.fr\/en\/conditions-generales\/","title":{"rendered":"Conditions g\u00e9n\u00e9rales"},"content":{"rendered":"\t\t<div data-elementor-type=\"wp-page\" data-elementor-id=\"130\" class=\"elementor elementor-130\" data-elementor-post-type=\"page\">\n\t\t\t\t<div class=\"elementor-element elementor-element-2450510e e-flex e-con-boxed e-con e-parent\" data-id=\"2450510e\" data-element_type=\"container\">\n\t\t\t\t\t<div class=\"e-con-inner\">\n\t\t<div class=\"elementor-element elementor-element-47dcf706 e-con-full e-flex e-con e-child\" data-id=\"47dcf706\" data-element_type=\"container\" data-settings=\"{&quot;background_background&quot;:&quot;classic&quot;}\">\n\t\t\t\t<\/div>\n\t\t<div class=\"elementor-element elementor-element-531b0233 e-con-full e-flex e-con e-child\" data-id=\"531b0233\" data-element_type=\"container\" data-settings=\"{&quot;background_background&quot;:&quot;classic&quot;}\">\n\t\t<div class=\"elementor-element elementor-element-70d719cb e-con-full e-flex e-con e-child\" data-id=\"70d719cb\" data-element_type=\"container\" data-settings=\"{&quot;background_background&quot;:&quot;classic&quot;}\">\n\t\t<div class=\"elementor-element elementor-element-2661a003 e-flex e-con-boxed e-con e-child\" data-id=\"2661a003\" data-element_type=\"container\" data-settings=\"{&quot;background_background&quot;:&quot;classic&quot;}\">\n\t\t\t\t\t<div class=\"e-con-inner\">\n\t\t\t\t<div class=\"elementor-element elementor-element-29071632 elementor-widget__width-initial elementor-widget elementor-widget-text-editor\" data-id=\"29071632\" data-element_type=\"widget\" data-widget_type=\"text-editor.default\">\n\t\t\t\t<div class=\"elementor-widget-container\">\n\t\t\t<style>\/*! elementor - v3.21.0 - 30-04-2024 *\/\n.elementor-widget-text-editor.elementor-drop-cap-view-stacked .elementor-drop-cap{background-color:#69727d;color:#fff}.elementor-widget-text-editor.elementor-drop-cap-view-framed .elementor-drop-cap{color:#69727d;border:3px solid;background-color:transparent}.elementor-widget-text-editor:not(.elementor-drop-cap-view-default) .elementor-drop-cap{margin-top:8px}.elementor-widget-text-editor:not(.elementor-drop-cap-view-default) .elementor-drop-cap-letter{width:1em;height:1em}.elementor-widget-text-editor .elementor-drop-cap{float:left;text-align:center;line-height:1;font-size:50px}.elementor-widget-text-editor .elementor-drop-cap-letter{display:inline-block}<\/style>\t\t\t\t<p>Pens\u00e9 simplement comme pour nous pour que vous sentiez chez vous: la maison est enti\u00e8rement \u00e0 votre disposition en gestion ind\u00e9pendante.<\/p><p>Quelques r\u00e8gles sont cependant \u00e0 observer:<\/p><ul><li>La <strong>dur\u00e9e minimale<\/strong> du s\u00e9jour est de <strong>2 nuit\u00e9s<\/strong><\/li><li>Le gite est<strong> non-fumeur.<\/strong><\/li><li><strong>Les animaux ne sont pas admis.<\/strong><\/li><li>Eviter les chaussures dans les l&#8217;\u00e9tages.<\/li><li>Merci de nous indiquer lors de la r\u00e9servation si un lit b\u00e9b\u00e9 et\/ou une chaise haute sont demand\u00e9s.<\/li><li>L&#8217;arriv\u00e9e se fait <strong>\u00e0 partir de 16h<\/strong> et avant 22h,\u00a0<\/li><li>Le d\u00e9part doit \u00eatre effectif <strong>avant 11h30<\/strong> (option pour un <strong>d\u00e9part tardif jusqu&#8217;\u00e0 20h \u00e0 50\u20ac<\/strong>).<\/li><li><strong>Les draps, linges de toilette<\/strong>, de vaisselles et produits d&#8217;entretiens sont <strong>fournis et<\/strong> <strong>inclus dans le prix<\/strong>.<\/li><li><strong>Le m\u00e9nage est inclus<\/strong>, nous vous demandons cependant de rendre le gite dans un \u00e9tat correct et une cuisine propre.<\/li><li><strong>Annulation sans frais jusqu&#8217;\u00e0 24h avant le d\u00e9but du s\u00e9jour.<\/strong><\/li><li><strong>Paiement \u00e0 100% non remboursable 24h avant le d\u00e9but du s\u00e9jour.<\/strong><\/li><\/ul>\t\t\t\t\t\t<\/div>\n\t\t\t\t<\/div>\n\t\t\t\t\t<\/div>\n\t\t\t\t<\/div>\n\t\t\t\t<\/div>\n\t\t\t\t<\/div>\n\t\t<div class=\"elementor-element elementor-element-e2f1720 e-con-full e-flex e-con e-child\" data-id=\"e2f1720\" data-element_type=\"container\">\n\t\t\t\t<\/div>\n\t\t\t\t\t<\/div>\n\t\t\t\t<\/div>\n\t\t\t\t<\/div>\n\t\t","protected":false},"excerpt":{"rendered":"<p>Pens\u00e9 simplement comme pour nous pour que vous sentiez chez vous: la maison est enti\u00e8rement \u00e0 votre disposition en gestion ind\u00e9pendante. Quelques r\u00e8gles sont cependant \u00e0 observer: La dur\u00e9e minimale du s\u00e9jour est de 2 nuit\u00e9s Le gite est non-fumeur. Les animaux ne sont pas admis. Eviter les chaussures dans les l&#8217;\u00e9tages. Merci de nous [&hellip;]<\/p>\n","protected":false},"author":1,"featured_media":0,"parent":0,"menu_order":0,"comment_status":"closed","ping_status":"closed","template":"elementor_header_footer","meta":{"footnotes":""},"_links":{"self":[{"href":"https:\/\/lepetittonneau.fr\/en\/wp-json\/wp\/v2\/pages\/130"}],"collection":[{"href":"https:\/\/lepetittonneau.fr\/en\/wp-json\/wp\/v2\/pages"}],"about":[{"href":"https:\/\/lepetittonneau.fr\/en\/wp-json\/wp\/v2\/types\/page"}],"author":[{"embeddable":true,"href":"https:\/\/lepetittonneau.fr\/en\/wp-json\/wp\/v2\/users\/1"}],"replies":[{"embeddable":true,"href":"https:\/\/lepetittonneau.fr\/en\/wp-json\/wp\/v2\/comments?post=130"}],"version-history":[{"count":4,"href":"https:\/\/lepetittonneau.fr\/en\/wp-json\/wp\/v2\/pages\/130\/revisions"}],"predecessor-version":[{"id":184,"href":"https:\/\/lepetittonneau.fr\/en\/wp-json\/wp\/v2\/pages\/130\/revisions\/184"}],"wp:attachment":[{"href":"https:\/\/lepetittonneau.fr\/en\/wp-json\/wp\/v2\/media?parent=130"}],"curies":[{"name":"wp","href":"https:\/\/api.w.org\/{rel}","templated":true}]}}