{"id":127,"date":"2024-02-19T17:09:10","date_gmt":"2024-02-19T16:09:10","guid":{"rendered":"https:\/\/lepetittonneau.fr\/en\/acces\/"},"modified":"2024-02-19T17:09:17","modified_gmt":"2024-02-19T16:09:17","slug":"acces","status":"publish","type":"page","link":"https:\/\/lepetittonneau.fr\/en\/acces\/","title":{"rendered":"Acces"},"content":{"rendered":"\t\t<div data-elementor-type=\"wp-page\" data-elementor-id=\"127\" class=\"elementor elementor-127\" data-elementor-post-type=\"page\">\n\t\t\t\t<div class=\"elementor-element elementor-element-62995cf7 e-flex e-con-boxed e-con e-parent\" data-id=\"62995cf7\" data-element_type=\"container\">\n\t\t\t\t\t<div class=\"e-con-inner\">\n\t\t<div class=\"elementor-element elementor-element-418c231 e-con-full e-flex e-con e-child\" data-id=\"418c231\" data-element_type=\"container\">\n\t\t\t\t<div class=\"elementor-element elementor-element-7c989eb2 elementor-widget elementor-widget-google_maps\" data-id=\"7c989eb2\" data-element_type=\"widget\" data-widget_type=\"google_maps.default\">\n\t\t\t\t<div class=\"elementor-widget-container\">\n\t\t\t<style>\/*! elementor - v3.21.0 - 30-04-2024 *\/\n.elementor-widget-google_maps .elementor-widget-container{overflow:hidden}.elementor-widget-google_maps .elementor-custom-embed{line-height:0}.elementor-widget-google_maps iframe{height:300px}<\/style>\t\t<div class=\"elementor-custom-embed\">\n\t\t\t<iframe loading=\"lazy\"\n\t\t\t\t\tsrc=\"https:\/\/maps.google.com\/maps?q=37%2C%20route%20de%20la%20Nivelle%2045130%20&#038;t=m&#038;z=10&#038;output=embed&#038;iwloc=near\"\n\t\t\t\t\ttitle=\"37, route de la Nivelle 45130 \"\n\t\t\t\t\taria-label=\"37, route de la Nivelle 45130 \"\n\t\t\t><\/iframe>\n\t\t<\/div>\n\t\t\t\t<\/div>\n\t\t\t\t<\/div>\n\t\t\t\t<\/div>\n\t\t<div class=\"elementor-element elementor-element-e6e54df e-con-full e-flex e-con e-child\" data-id=\"e6e54df\" data-element_type=\"container\">\n\t\t<div class=\"elementor-element elementor-element-10c0d87f e-flex e-con-boxed e-con e-child\" data-id=\"10c0d87f\" data-element_type=\"container\">\n\t\t\t\t\t<div class=\"e-con-inner\">\n\t\t<div class=\"elementor-element elementor-element-579400cf e-flex e-con-boxed e-con e-child\" data-id=\"579400cf\" data-element_type=\"container\">\n\t\t\t\t\t<div class=\"e-con-inner\">\n\t\t\t\t<div class=\"elementor-element elementor-element-edc307e elementor-widget elementor-widget-heading\" data-id=\"edc307e\" data-element_type=\"widget\" data-widget_type=\"heading.default\">\n\t\t\t\t<div class=\"elementor-widget-container\">\n\t\t\t<style>\/*! elementor - v3.21.0 - 30-04-2024 *\/\n.elementor-heading-title{padding:0;margin:0;line-height:1}.elementor-widget-heading .elementor-heading-title[class*=elementor-size-]>a{color:inherit;font-size:inherit;line-height:inherit}.elementor-widget-heading .elementor-heading-title.elementor-size-small{font-size:15px}.elementor-widget-heading .elementor-heading-title.elementor-size-medium{font-size:19px}.elementor-widget-heading .elementor-heading-title.elementor-size-large{font-size:29px}.elementor-widget-heading .elementor-heading-title.elementor-size-xl{font-size:39px}.elementor-widget-heading .elementor-heading-title.elementor-size-xxl{font-size:59px}<\/style><div class=\"elementor-heading-title elementor-size-large\">En voiture<\/div>\t\t<\/div>\n\t\t\t\t<\/div>\n\t\t\t\t<div class=\"elementor-element elementor-element-75ca564b elementor-widget elementor-widget-text-editor\" data-id=\"75ca564b\" data-element_type=\"widget\" data-widget_type=\"text-editor.default\">\n\t\t\t\t<div class=\"elementor-widget-container\">\n\t\t\t<style>\/*! elementor - v3.21.0 - 30-04-2024 *\/\n.elementor-widget-text-editor.elementor-drop-cap-view-stacked .elementor-drop-cap{background-color:#69727d;color:#fff}.elementor-widget-text-editor.elementor-drop-cap-view-framed .elementor-drop-cap{color:#69727d;border:3px solid;background-color:transparent}.elementor-widget-text-editor:not(.elementor-drop-cap-view-default) .elementor-drop-cap{margin-top:8px}.elementor-widget-text-editor:not(.elementor-drop-cap-view-default) .elementor-drop-cap-letter{width:1em;height:1em}.elementor-widget-text-editor .elementor-drop-cap{float:left;text-align:center;line-height:1;font-size:50px}.elementor-widget-text-editor .elementor-drop-cap-letter{display:inline-block}<\/style>\t\t\t\t<p>Autoroute A10 &#8211; Sortie Meung sur Loire, suivre la direction d&#8217;Orl\u00e9ans, puis \u00e0 la sortie de Meung sur Loire direction &#8216;Jardin d&#8217;Ilex&#8217;.<\/p>\t\t\t\t\t\t<\/div>\n\t\t\t\t<\/div>\n\t\t\t\t\t<\/div>\n\t\t\t\t<\/div>\n\t\t<div class=\"elementor-element elementor-element-2abb467c e-flex e-con-boxed e-con e-child\" data-id=\"2abb467c\" data-element_type=\"container\">\n\t\t\t\t\t<div class=\"e-con-inner\">\n\t\t\t\t<div class=\"elementor-element elementor-element-2634efbd elementor-widget elementor-widget-heading\" data-id=\"2634efbd\" data-element_type=\"widget\" data-widget_type=\"heading.default\">\n\t\t\t\t<div class=\"elementor-widget-container\">\n\t\t\t<div class=\"elementor-heading-title elementor-size-large\">En train<\/div>\t\t<\/div>\n\t\t\t\t<\/div>\n\t\t\t\t<div class=\"elementor-element elementor-element-56377dd9 elementor-widget elementor-widget-text-editor\" data-id=\"56377dd9\" data-element_type=\"widget\" data-widget_type=\"text-editor.default\">\n\t\t\t\t<div class=\"elementor-widget-container\">\n\t\t\t\t\t\t\t<p>La gare de Meung sur Loire est sur la ligne Orl\u00e9ans &#8211; Tours.<\/p><p>Pr\u00e9voir un taxi depuis la gare ou nous contacter pour trouver une solution alternative.<\/p>\t\t\t\t\t\t<\/div>\n\t\t\t\t<\/div>\n\t\t\t\t\t<\/div>\n\t\t\t\t<\/div>\n\t\t\t\t\t<\/div>\n\t\t\t\t<\/div>\n\t\t\t\t<\/div>\n\t\t\t\t\t<\/div>\n\t\t\t\t<\/div>\n\t\t<div class=\"elementor-element elementor-element-5fb661d3 e-flex e-con-boxed e-con e-parent\" data-id=\"5fb661d3\" data-element_type=\"container\">\n\t\t\t\t\t<div class=\"e-con-inner\">\n\t\t\t\t<div class=\"elementor-element elementor-element-30dc6bcd elementor-widget elementor-widget-text-editor\" data-id=\"30dc6bcd\" data-element_type=\"widget\" data-widget_type=\"text-editor.default\">\n\t\t\t\t<div class=\"elementor-widget-container\">\n\t\t\t\t\t\t\t<p>L&#8217;utilisation d&#8217;une voiture est recommand\u00e9e pour un s\u00e9jour plus agr\u00e9able.<\/p><p>Un boitier \u00e0 code permet l&#8217;acc\u00e8s aux clefs en toute autonomie.<\/p>\t\t\t\t\t\t<\/div>\n\t\t\t\t<\/div>\n\t\t\t\t\t<\/div>\n\t\t\t\t<\/div>\n\t\t\t\t<\/div>\n\t\t","protected":false},"excerpt":{"rendered":"<p>En voiture Autoroute A10 &#8211; Sortie Meung sur Loire, suivre la direction d&#8217;Orl\u00e9ans, puis \u00e0 la sortie de Meung sur Loire direction &#8216;Jardin d&#8217;Ilex&#8217;. En train La gare de Meung sur Loire est sur la ligne Orl\u00e9ans &#8211; Tours. Pr\u00e9voir un taxi depuis la gare ou nous contacter pour trouver une solution alternative. L&#8217;utilisation d&#8217;une [&hellip;]<\/p>\n","protected":false},"author":1,"featured_media":0,"parent":0,"menu_order":0,"comment_status":"closed","ping_status":"closed","template":"elementor_header_footer","meta":{"footnotes":""},"_links":{"self":[{"href":"https:\/\/lepetittonneau.fr\/en\/wp-json\/wp\/v2\/pages\/127"}],"collection":[{"href":"https:\/\/lepetittonneau.fr\/en\/wp-json\/wp\/v2\/pages"}],"about":[{"href":"https:\/\/lepetittonneau.fr\/en\/wp-json\/wp\/v2\/types\/page"}],"author":[{"embeddable":true,"href":"https:\/\/lepetittonneau.fr\/en\/wp-json\/wp\/v2\/users\/1"}],"replies":[{"embeddable":true,"href":"https:\/\/lepetittonneau.fr\/en\/wp-json\/wp\/v2\/comments?post=127"}],"version-history":[{"count":4,"href":"https:\/\/lepetittonneau.fr\/en\/wp-json\/wp\/v2\/pages\/127\/revisions"}],"predecessor-version":[{"id":182,"href":"https:\/\/lepetittonneau.fr\/en\/wp-json\/wp\/v2\/pages\/127\/revisions\/182"}],"wp:attachment":[{"href":"https:\/\/lepetittonneau.fr\/en\/wp-json\/wp\/v2\/media?parent=127"}],"curies":[{"name":"wp","href":"https:\/\/api.w.org\/{rel}","templated":true}]}}